{"id":17,"date":"2016-09-21T13:25:32","date_gmt":"2016-09-21T10:25:32","guid":{"rendered":"http:\/\/www.telakka.eu\/uusi_ravintola\/?page_id=17"},"modified":"2026-03-05T11:11:30","modified_gmt":"2026-03-05T09:11:30","slug":"tilausravintola","status":"publish","type":"page","link":"http:\/\/www.telakka.eu\/en\/tilausravintola\/","title":{"rendered":"Private restaurant"},"content":{"rendered":"<p><\/p>\n<p><strong>Rent 40\u20ac \/ h. <br \/>If your food order is over 600\u20ac there will be no rent. (Except on sundays)<br \/><\/strong><\/p>\n<p><span style=\"color: #ff6600;\"><strong>PRIVATE RESTAURANT \/ BUFFET MENUS<br \/><\/strong><\/span>Minimum 20 persons\u00a0<br \/>Please choose one menu for the whole group.\u00a0 Prices per person.<\/p>\n<p>All menus include a basket of bread with spread and coffee\/ tea<br \/>L = lactose free, G = gluten free, <br \/>Vgn = vegan, M = dairy free<\/p>\n<p><strong>MENU 1\u00a0<\/strong> \u00a0\u00a0\u00a0\u00a0\u00a0\u00a0 30,00 \u20ac\u00a0<\/p>\n<p>Tomato-onion salad Vgn, G<br \/>Marinated butter beans Vgn, G<br \/>Pickled cucumber Vgn, G<br \/>Roasted chicken thighs M, G<br \/>Pasta in creamy parmesan sauce L<br \/>Artichokes and olives in pomodoro sauce Vgn, G<\/p>\n<p><strong>MENU 2<\/strong> \u00a0\u00a0\u00a0\u00a0\u00a0\u00a0\u00a0 34,00 \u20ac<\/p>\n<p>Melon salad Vgn, G<br \/>Marinated olives Vgn, G<br \/>Artichoke and sun dried tomatoes in basil oil Vgn, G<br \/>Roasted pork belly with gravy M, G<br \/>Roasted cauliflower M, G<br \/>Rosemary potatoes M, G<\/p>\n<p><strong>MENU 3<\/strong> \u00a0\u00a0\u00a0\u00a0\u00a0\u00a0\u00a0 35,00 \u20ac<\/p>\n<p>Feta salad L, G<br \/>Marinated fennel and olives Vgn, G<br \/>Dolmades Vgn, G<br \/>Tzatziki L, G<br \/>Roasted salmon M, G<br \/>Greek style vegetable casserole VL, G<br \/>Oven baked vegetables M, G<\/p>\n<p><strong>MENU 4<\/strong> (VEGAN)\u00a0 \u00a0 \u00a0 \u00a0 33,00 \u20ac<\/p>\n<p>Couscous salad Vgn<br \/>Artichoke and sun dried tomatoes in basil oil Vgn, G<br \/>Marinated butter beans Vgn, G<br \/>Vegan kofta Vgn, G<br \/>Spinach- mushroom stew Vgn, G<br \/>Barley with herbs Vgn<\/p>\n<p><strong>SALAD BUFFET\u00a0 \u00a0 \u00a0<\/strong>27,00 \u20ac<\/p>\n<p>Orzo salad with chicken (M) or tofu (Vgn)<br \/>Green salad, sun dried tomatoes and olives Vgn, G<br \/>Couscous salad with chili roasted chickpeas Vgn<br \/>Baguette, butter and hummus<br \/>Salad dressing M, G<br \/>Pumpkin seeds Vgn, G<br \/>Yogurt and herb sauce L, G<br \/>Feta L, G<\/p>\n<p><\/p>\n\n\n<p><\/p>","protected":false},"excerpt":{"rendered":"<div class=\"entry-summary\">\nRent 40\u20ac \/ h. If your food order is over 600\u20ac there&hellip;\n<\/div>\n<div class=\"link-more\"><a href=\"http:\/\/www.telakka.eu\/en\/tilausravintola\/\" class=\"more-link\">Continue reading<span class=\"screen-reader-text\"> &ldquo;Private restaurant&rdquo;<\/span>&hellip;<\/a><\/div>","protected":false},"author":2,"featured_media":0,"parent":0,"menu_order":0,"comment_status":"closed","ping_status":"closed","template":"page-template\/_fullwidth.php","meta":{"footnotes":""},"class_list":["post-17","page","type-page","status-publish","hentry","entry"],"yoast_head":"<!-- This site is optimized with the Yoast SEO plugin v27.5 - https:\/\/yoast.com\/product\/yoast-seo-wordpress\/ -->\n<title>Private restaurant - Ravintola Telakka<\/title>\n<meta name=\"description\" content=\"Tunnelmallinen juhlatila kulttuuritalo Telakan toisessa kerroksessa. Varaa tilausravintolamme k\u00e4ytt\u00f6\u00f6si yksityistilaisuuksiin, kokouksiin yms.\" \/>\n<meta name=\"robots\" content=\"index, follow, max-snippet:-1, max-image-preview:large, max-video-preview:-1\" \/>\n<link rel=\"canonical\" href=\"https:\/\/www.telakka.eu\/en\/tilausravintola\/\" \/>\n<meta property=\"og:locale\" content=\"en_GB\" \/>\n<meta property=\"og:type\" content=\"article\" \/>\n<meta property=\"og:title\" content=\"[:fi]Tilausravintola[:][:en]Private restaurant[:] - Ravintola Telakka\" \/>\n<meta property=\"og:description\" content=\"Tunnelmallinen juhlatila kulttuuritalo Telakan toisessa kerroksessa. Varaa tilausravintolamme k\u00e4ytt\u00f6\u00f6si yksityistilaisuuksiin, kokouksiin yms.\" \/>\n<meta property=\"og:url\" content=\"https:\/\/www.telakka.eu\/en\/tilausravintola\/\" \/>\n<meta property=\"og:site_name\" content=\"Ravintola Telakka\" \/>\n<meta property=\"article:modified_time\" content=\"2026-03-05T09:11:30+00:00\" \/>\n<meta name=\"twitter:card\" content=\"summary_large_image\" \/>\n<meta name=\"twitter:label1\" content=\"Estimated reading time\" \/>\n\t<meta name=\"twitter:data1\" content=\"4 minutes\" \/>\n<script type=\"application\/ld+json\" class=\"yoast-schema-graph\">{\"@context\":\"https:\\\/\\\/schema.org\",\"@graph\":[{\"@type\":\"WebPage\",\"@id\":\"https:\\\/\\\/www.telakka.eu\\\/tilausravintola\\\/\",\"url\":\"https:\\\/\\\/www.telakka.eu\\\/tilausravintola\\\/\",\"name\":\"[:fi]Tilausravintola[:][:en]Private restaurant[:] - Ravintola Telakka\",\"isPartOf\":{\"@id\":\"https:\\\/\\\/www.telakka.eu\\\/#website\"},\"datePublished\":\"2016-09-21T10:25:32+00:00\",\"dateModified\":\"2026-03-05T09:11:30+00:00\",\"description\":\"Tunnelmallinen juhlatila kulttuuritalo Telakan toisessa kerroksessa. Varaa tilausravintolamme k\u00e4ytt\u00f6\u00f6si yksityistilaisuuksiin, kokouksiin yms.\",\"breadcrumb\":{\"@id\":\"https:\\\/\\\/www.telakka.eu\\\/tilausravintola\\\/#breadcrumb\"},\"inLanguage\":\"en-GB\",\"potentialAction\":[{\"@type\":\"ReadAction\",\"target\":[\"https:\\\/\\\/www.telakka.eu\\\/tilausravintola\\\/\"]}]},{\"@type\":\"BreadcrumbList\",\"@id\":\"https:\\\/\\\/www.telakka.eu\\\/tilausravintola\\\/#breadcrumb\",\"itemListElement\":[{\"@type\":\"ListItem\",\"position\":1,\"name\":\"Etusivu\",\"item\":\"https:\\\/\\\/www.telakka.eu\\\/\"},{\"@type\":\"ListItem\",\"position\":2,\"name\":\"Tilausravintola\"}]},{\"@type\":\"WebSite\",\"@id\":\"https:\\\/\\\/www.telakka.eu\\\/#website\",\"url\":\"https:\\\/\\\/www.telakka.eu\\\/\",\"name\":\"Ravintola Telakka\",\"description\":\"\",\"alternateName\":\"Telakka Tampere\",\"potentialAction\":[{\"@type\":\"SearchAction\",\"target\":{\"@type\":\"EntryPoint\",\"urlTemplate\":\"https:\\\/\\\/www.telakka.eu\\\/?s={search_term_string}\"},\"query-input\":{\"@type\":\"PropertyValueSpecification\",\"valueRequired\":true,\"valueName\":\"search_term_string\"}}],\"inLanguage\":\"en-GB\"}]}<\/script>\n<!-- \/ Yoast SEO plugin. -->","yoast_head_json":{"title":"[:fi]Tilausravintola[:][:en]Private restaurant[:] - Ravintola Telakka","description":"Tunnelmallinen juhlatila kulttuuritalo Telakan toisessa kerroksessa. Varaa tilausravintolamme k\u00e4ytt\u00f6\u00f6si yksityistilaisuuksiin, kokouksiin yms.","robots":{"index":"index","follow":"follow","max-snippet":"max-snippet:-1","max-image-preview":"max-image-preview:large","max-video-preview":"max-video-preview:-1"},"canonical":"https:\/\/www.telakka.eu\/en\/tilausravintola\/","og_locale":"en_GB","og_type":"article","og_title":"[:fi]Tilausravintola[:][:en]Private restaurant[:] - Ravintola Telakka","og_description":"Tunnelmallinen juhlatila kulttuuritalo Telakan toisessa kerroksessa. Varaa tilausravintolamme k\u00e4ytt\u00f6\u00f6si yksityistilaisuuksiin, kokouksiin yms.","og_url":"https:\/\/www.telakka.eu\/en\/tilausravintola\/","og_site_name":"Ravintola Telakka","article_modified_time":"2026-03-05T09:11:30+00:00","twitter_card":"summary_large_image","twitter_misc":{"Estimated reading time":"4 minutes"},"schema":{"@context":"https:\/\/schema.org","@graph":[{"@type":"WebPage","@id":"https:\/\/www.telakka.eu\/tilausravintola\/","url":"https:\/\/www.telakka.eu\/tilausravintola\/","name":"[:fi]Tilausravintola[:][:en]Private restaurant[:] - Ravintola Telakka","isPartOf":{"@id":"https:\/\/www.telakka.eu\/#website"},"datePublished":"2016-09-21T10:25:32+00:00","dateModified":"2026-03-05T09:11:30+00:00","description":"Tunnelmallinen juhlatila kulttuuritalo Telakan toisessa kerroksessa. Varaa tilausravintolamme k\u00e4ytt\u00f6\u00f6si yksityistilaisuuksiin, kokouksiin yms.","breadcrumb":{"@id":"https:\/\/www.telakka.eu\/tilausravintola\/#breadcrumb"},"inLanguage":"en-GB","potentialAction":[{"@type":"ReadAction","target":["https:\/\/www.telakka.eu\/tilausravintola\/"]}]},{"@type":"BreadcrumbList","@id":"https:\/\/www.telakka.eu\/tilausravintola\/#breadcrumb","itemListElement":[{"@type":"ListItem","position":1,"name":"Etusivu","item":"https:\/\/www.telakka.eu\/"},{"@type":"ListItem","position":2,"name":"Tilausravintola"}]},{"@type":"WebSite","@id":"https:\/\/www.telakka.eu\/#website","url":"https:\/\/www.telakka.eu\/","name":"RESTAURANT TELAKKA","description":"","alternateName":"Telakka Tampere","potentialAction":[{"@type":"SearchAction","target":{"@type":"EntryPoint","urlTemplate":"https:\/\/www.telakka.eu\/?s={search_term_string}"},"query-input":{"@type":"PropertyValueSpecification","valueRequired":true,"valueName":"search_term_string"}}],"inLanguage":"en-GB"}]}},"_links":{"self":[{"href":"http:\/\/www.telakka.eu\/en\/wp-json\/wp\/v2\/pages\/17","targetHints":{"allow":["GET"]}}],"collection":[{"href":"http:\/\/www.telakka.eu\/en\/wp-json\/wp\/v2\/pages"}],"about":[{"href":"http:\/\/www.telakka.eu\/en\/wp-json\/wp\/v2\/types\/page"}],"author":[{"embeddable":true,"href":"http:\/\/www.telakka.eu\/en\/wp-json\/wp\/v2\/users\/2"}],"replies":[{"embeddable":true,"href":"http:\/\/www.telakka.eu\/en\/wp-json\/wp\/v2\/comments?post=17"}],"version-history":[{"count":180,"href":"http:\/\/www.telakka.eu\/en\/wp-json\/wp\/v2\/pages\/17\/revisions"}],"predecessor-version":[{"id":13185,"href":"http:\/\/www.telakka.eu\/en\/wp-json\/wp\/v2\/pages\/17\/revisions\/13185"}],"wp:attachment":[{"href":"http:\/\/www.telakka.eu\/en\/wp-json\/wp\/v2\/media?parent=17"}],"curies":[{"name":"wp","href":"https:\/\/api.w.org\/{rel}","templated":true}]}}